{"id":2658,"date":"2016-06-22T10:00:58","date_gmt":"2016-06-22T08:00:58","guid":{"rendered":"https:\/\/www.bigo.testowy.bialystok.pl\/o-firmie\/"},"modified":"2024-01-09T14:31:25","modified_gmt":"2024-01-09T13:31:25","slug":"uber-das-unternehmen","status":"publish","type":"page","link":"https:\/\/www.bigo.com.pl\/de\/uber-das-unternehmen\/","title":{"rendered":"\u00dcber das Unternehmen"},"content":{"rendered":"<div class=\"su-row\">\n<div class=\"su-column su-column-size-2-3\"><div class=\"su-column-inner su-u-clearfix su-u-trim\">\n<h2>Hersteller von B\u00fcromaterialien und Produkten zur Dokumentenaufbewahrung aus s\u00e4urefreiem Karton<\/h2>\n<p>Bigo Sza\u0142wi\u0144scy s.c. ist ein Familienunternehmen mit 100 % polnischem Kapital und seit 1992 auf dem Markt t\u00e4tig. Seit seiner Gr\u00fcndung hat das Unternehmen sein Hauptaugenmerk auf die Qualit\u00e4t und Funktionalit\u00e4t seiner Produkte gelegt. Vom Aktenordner bis zu Sammelboxen bieten wir umfassende Ablagesysteme f\u00fcr Dokumente. Wir sind spezialisiert auf die Herstellung von B\u00fcro- und Archivartikeln aus s\u00e4urefreiem Karton und Pappe, wie z. B. Ordner, Mappen mit Gummib\u00e4ndern, Binder, Personalakten, Steuer- und Gerichtsakten, Dokumentenumschl\u00e4ge und Artikel aus Wellpappe wie Archivboxen, Ordnerboxen, Dokumentenbeh\u00e4lter, Ablagek\u00e4sten usw. Wir stellen Sammelmappen her, die den Anforderungen des Erlasses des Premierministers vom 18. Januar 2011 \u00fcber die Registraturanweisung, Gesetzblatt 2011 Nr. 14, Punkt 67, entsprechen, sowie Sammelmappen nach ISO 9706, die den Anforderungen des Erlasses des Ministers f\u00fcr Kultur und Nationales Erbe vom 20. Oktober 2015 entsprechen.<\/div><\/div>\n<div class=\"su-column su-column-size-1-3\"><div class=\"su-column-inner su-u-clearfix su-u-trim\"> <img loading=\"lazy\" decoding=\"async\" class=\"alignnone size-full wp-image-122\" src=\"https:\/\/www.bigo.com.pl\/wp-content\/uploads\/2016\/06\/firma-bigo-producent-artykulow-biurowych-z-kartonu-bezkwasowego-01-001.jpg\" alt=\"Firma \/ Bigo - Producent artyku\u0142\u00f3w biurowych z kartonu bezkwasowego\" width=\"800\" height=\"513\" srcset=\"https:\/\/www.bigo.com.pl\/wp-content\/uploads\/2016\/06\/firma-bigo-producent-artykulow-biurowych-z-kartonu-bezkwasowego-01-001.jpg 800w, https:\/\/www.bigo.com.pl\/wp-content\/uploads\/2016\/06\/firma-bigo-producent-artykulow-biurowych-z-kartonu-bezkwasowego-01-001-300x192.jpg 300w, https:\/\/www.bigo.com.pl\/wp-content\/uploads\/2016\/06\/firma-bigo-producent-artykulow-biurowych-z-kartonu-bezkwasowego-01-001-768x492.jpg 768w\" sizes=\"auto, (max-width: 800px) 100vw, 800px\" \/><\/div><\/div>\n<\/div>\n<div class=\"su-row\">\n<div class=\"su-column su-column-size-2-3\"><div class=\"su-column-inner su-u-clearfix su-u-trim\">\n<h2>BIGO garantiert die hervorragende Qualit\u00e4t seiner Produkte<\/h2>\n<p>BIGO garantiert die hervorragende Qualit\u00e4t seiner Produkte durch die Verwendung hochwertiger Materialien. Wir setzen alles daran, um sicherzustellen, dass unsere Produkte die besten sind.<br \/>\nUnsere Kartons sind s\u00e4urefrei und von h\u00f6chster Qualit\u00e4t. In Bezug auf Qualit\u00e4t, Haltbarkeit, Umweltstandards und Wei\u00dfgrad \u00fcbertreffen sie auf dem Markt verwendeten Kartons. Der f\u00fcr die Produktion verwendete Karton ist frei von Chlorverbindungen und Schwermetallen und verf\u00fcgt \u00fcber alle EU-Qualit\u00e4tszertifikate ISO 9001, Umweltzertifikate ISO 14001, 50001, FSC, PEFC und HACCP sowie Halal-Zertifizierung. Die B\u00e4nder sind aus Baumwolle gefertigt und die Klebstoffe, Farben und Lacke stammen ausschlie\u00dflich aus umweltfreundlichen Materialien. Die Steifigkeit und die Dimensionsparameter sind f\u00fcr jedes Produkt optimal, und der Druck wird sorgf\u00e4ltig ausgef\u00fchrt, um den Inhalt der Mappen und Ordner vielseitig zu beschreiben. Durch die verwendeten Materialien und die Produktionstechnologie werden alle Umweltanforderungen ohne gesundheitliche Risiken erf\u00fcllt.<\/p>\n<p>Da wir mit Ihnen wachsen, wollen wir Ihnen die bestm\u00f6glichen Bedingungen bieten. F\u00fcr uns sind Sie immer das Wichtigste.<\/div><\/div>\n<div class=\"su-column su-column-size-1-3\"><div class=\"su-column-inner su-u-clearfix su-u-trim\"><img loading=\"lazy\" decoding=\"async\" class=\"alignnone size-full wp-image-123\" src=\"https:\/\/www.bigo.com.pl\/wp-content\/uploads\/2016\/06\/ekologia-bigo-producent-artykulow-biurowych-z-kartonu-bezkwasowego-01-001.jpg\" alt=\"Ekologia \/ Bigo - Producent artyku\u0142\u00f3w biurowych z kartonu bezkwasowego\" width=\"800\" height=\"513\" srcset=\"https:\/\/www.bigo.com.pl\/wp-content\/uploads\/2016\/06\/ekologia-bigo-producent-artykulow-biurowych-z-kartonu-bezkwasowego-01-001.jpg 800w, https:\/\/www.bigo.com.pl\/wp-content\/uploads\/2016\/06\/ekologia-bigo-producent-artykulow-biurowych-z-kartonu-bezkwasowego-01-001-300x192.jpg 300w, https:\/\/www.bigo.com.pl\/wp-content\/uploads\/2016\/06\/ekologia-bigo-producent-artykulow-biurowych-z-kartonu-bezkwasowego-01-001-768x492.jpg 768w\" sizes=\"auto, (max-width: 800px) 100vw, 800px\" \/><\/div><\/div>\n<\/div>\n","protected":false},"excerpt":{"rendered":"","protected":false},"author":1,"featured_media":0,"parent":0,"menu_order":0,"comment_status":"closed","ping_status":"closed","template":"","meta":{"_exactmetrics_skip_tracking":false,"_exactmetrics_sitenote_active":false,"_exactmetrics_sitenote_note":"","_exactmetrics_sitenote_category":0,"footnotes":""},"class_list":["post-2658","page","type-page","status-publish","hentry"],"aioseo_notices":[],"_links":{"self":[{"href":"https:\/\/www.bigo.com.pl\/de\/wp-json\/wp\/v2\/pages\/2658","targetHints":{"allow":["GET"]}}],"collection":[{"href":"https:\/\/www.bigo.com.pl\/de\/wp-json\/wp\/v2\/pages"}],"about":[{"href":"https:\/\/www.bigo.com.pl\/de\/wp-json\/wp\/v2\/types\/page"}],"author":[{"embeddable":true,"href":"https:\/\/www.bigo.com.pl\/de\/wp-json\/wp\/v2\/users\/1"}],"replies":[{"embeddable":true,"href":"https:\/\/www.bigo.com.pl\/de\/wp-json\/wp\/v2\/comments?post=2658"}],"version-history":[{"count":4,"href":"https:\/\/www.bigo.com.pl\/de\/wp-json\/wp\/v2\/pages\/2658\/revisions"}],"predecessor-version":[{"id":2662,"href":"https:\/\/www.bigo.com.pl\/de\/wp-json\/wp\/v2\/pages\/2658\/revisions\/2662"}],"wp:attachment":[{"href":"https:\/\/www.bigo.com.pl\/de\/wp-json\/wp\/v2\/media?parent=2658"}],"curies":[{"name":"wp","href":"https:\/\/api.w.org\/{rel}","templated":true}]}}